{"id":10554,"date":"2023-03-13T16:49:21","date_gmt":"2023-03-13T15:49:21","guid":{"rendered":"https:\/\/www.lan-party.eu\/newsletter\/"},"modified":"2026-03-08T13:34:29","modified_gmt":"2026-03-08T12:34:29","slug":"newsletter","status":"publish","type":"page","link":"https:\/\/www.lan-party.eu\/fr\/newsletter\/","title":{"rendered":"Newsletter"},"content":{"rendered":"\t\t<div data-elementor-type=\"wp-page\" data-elementor-id=\"10554\" class=\"elementor elementor-10554 elementor-864\" data-elementor-post-type=\"page\">\n\t\t\t\t\t\t<section class=\"elementor-section elementor-top-section elementor-element elementor-element-a926fa7 elementor-section-boxed elementor-section-height-default elementor-section-height-default\" data-id=\"a926fa7\" data-element_type=\"section\" data-e-type=\"section\" data-settings=\"{&quot;background_background&quot;:&quot;classic&quot;}\">\n\t\t\t\t\t\t<div class=\"elementor-container elementor-column-gap-default\">\n\t\t\t\t\t<div class=\"elementor-column elementor-col-66 elementor-top-column elementor-element elementor-element-11fa10a\" data-id=\"11fa10a\" data-element_type=\"column\" data-e-type=\"column\" data-settings=\"{&quot;background_background&quot;:&quot;classic&quot;}\">\n\t\t\t<div class=\"elementor-widget-wrap elementor-element-populated\">\n\t\t\t\t\t\t<div class=\"elementor-element elementor-element-2e1b428 elementor-widget elementor-widget-heading\" data-id=\"2e1b428\" data-element_type=\"widget\" data-e-type=\"widget\" data-widget_type=\"heading.default\">\n\t\t\t\t<div class=\"elementor-widget-container\">\n\t\t\t\t\t<h2 class=\"elementor-heading-title elementor-size-default\">S'inscrire \u00e0 la lettre d'information<\/h2>\t\t\t\t<\/div>\n\t\t\t\t<\/div>\n\t\t\t\t<div class=\"elementor-element elementor-element-7368b5d elementor-widget elementor-widget-text-editor\" data-id=\"7368b5d\" data-element_type=\"widget\" data-e-type=\"widget\" data-widget_type=\"text-editor.default\">\n\t\t\t\t<div class=\"elementor-widget-container\">\n\t\t\t\t\t\t\t\t\t<p><style id='mailster-form-default' type='text\/css'>.mailster-embeded-form body{background:0;padding:0;margin:0}.mailster-embeded-form .mailster-form-body{padding:5px !important;margin:auto !important}.mailster-form-wrap{max-width:100%;max-height:95%;min-width:100px;-webkit-overflow-scrolling:touch}.mailster-form{margin-bottom:20px;position:relative}.mailster-form:before{content:'';position:absolute;display:block;height:100%;width:100%;z-index:1;background-repeat:no-repeat;background-position:center center;background-size:20px 20px;background-image:url('https:\/\/www.lan-party.eu\/wp-content\/plugins\/mailster\/assets\/css\/..\/img\/loading.gif');visibility:hidden;opacity:0;transition:opacity .15s ease-in-out}.mailster-form.loading:before{opacity:1;visibility:visible}@media only screen and (-webkit-min-device-pixel-ratio:2),only screen and (min-resolution:192dpi){.mailster-form:before{background-image:url('https:\/\/www.lan-party.eu\/wp-content\/plugins\/mailster\/assets\/css\/..\/img\/loading_2x.gif')}}.mailster-form:after,.mailster-form-fields:after{content:'.';visibility:hidden;display:block;height:0;clear:both}.mailster-form .mailster-form-fields{transition:all .15s ease-in-out}.mailster-form.completed .mailster-form-fields{height:0;min-height:0;opacity:0;overflow:hidden}.mailster-form,.mailster-form .input,.mailster-form .mailster-form-info{width:100%;box-sizing:border-box}.mailster-embeded-form .mailster-form{margin-bottom:3px}.mailster-form .mailster-wrapper{position:relative;margin-bottom:2px;transition:opacity .15s ease-in-out}.mailster-form.loading .mailster-wrapper{opacity:.2}.mailster-form textarea.input{resize:vertical;height:150px}.mailster-form li{list-style:none !important;margin-left:0;padding-left:0}span.mailster-required{font-size:120%;font-weight:700;color:#bf4d4d}.mailster-lists-wrapper ul{list-style:none;margin-left:0;padding-left:0}.mailster-lists-wrapper ul li{margin-left:0}.mailster-list-description{color:inherit;display:block;margin-left:25px;font-size:.8em}.mailster-form-info{height:0;border-radius:2px;padding:5px;margin-bottom:4px;color:#fff;padding:9px 16px;transition:all .2s;-webkit-transform:scale(0);-moz-transform:scale(0);-ms-transform:scale(0);transform:scale(0)}.mailster-form.loading .mailster-form-info{opacity:0}.mailster-form-info a{color:#fff}.mailster-form-info.success,.mailster-form-info.error{display:block;height:100%;-webkit-transform:scale(1);-moz-transform:scale(1);-ms-transform:scale(1);transform:scale(1)}.mailster-form .error input,.mailster-form .error select,.mailster-form .error textarea{outline:2px solid #bf4d4d;outline-offset:0}.mailster-form-info.error{background:#bf4d4d}.mailster-form-info.success{background-color:#6fbf4d;text-align:center}.mailster-form-info ul,.mailster-form .mailster-form-info p{margin:0;padding:0;max-width:initial}.mailster-form-info ul li{color:inherit;margin-left:0}.mailster-submit-wrapper{margin-top:6px}.mailster-form .submit-button{cursor:pointer}.mailster-form .submit-button:focus{outline:0}<\/style><style type=\"text\/css\" media=\"screen\" class=\"mailster-custom-form-css\">\n.mailster-form.mailster-form-3 .mailster-wrapper label{color:#acb2b8;}\n.mailster-form.mailster-form-3 label span.mailster-required{color:#6ec1e4;}\n.mailster-form.mailster-form-3 .submit-button{background-color:#6ec1e4;color:#ffffff;}\n.mailster-form.mailster-form-3 .mailster-email-wrapper label{color:#6ec1e4;}\n.mailster-form.mailster-form-3 .mailster-firstname-wrapper label{color:#6ec1e4;}\n.mailster-form.mailster-form-3 .mailster-lastname-wrapper label{color:#6ec1e4;}\n.mailster-form.mailster-form-3 .mailster-language-wrapper label{color:#acb2b8;}\n<\/style>\n<form action=\"https:\/\/www.lan-party.eu\/fr\/mailster\/subscribe\/\" method=\"post\" class=\"mailster-form mailster-form-submit mailster-ajax-form mailster-form-3\" novalidate><input name=\"_action\" type=\"hidden\" value=\"subscribe\">\n<input name=\"_timestamp\" type=\"hidden\" value=\"1776199808\">\n<input name=\"_referer\" type=\"hidden\" value=\"https:\/\/www.lan-party.eu\/fr\/wp-json\/wp\/v2\/pages\/10554\">\n<input name=\"_nonce\" type=\"hidden\" value=\"33145d894e\">\n<input name=\"formid\" type=\"hidden\" value=\"3\">\n<div class=\"mailster-form-fields\">\n<div class=\"mailster-wrapper mailster-email-wrapper\"><input id=\"mailster-email-3\" name=\"email\" type=\"email\" value=\"\" placeholder=\"Email *\" class=\"input mailster-email mailster-required\" aria-required=\"true\" aria-label=\"Email\" spellcheck=\"false\"><\/div>\n<div class=\"mailster-wrapper mailster-firstname-wrapper\"><input id=\"mailster-firstname-3\" name=\"firstname\" type=\"text\" value=\"\" placeholder=\"First Name *\" class=\"input mailster-firstname mailster-required\" aria-required=\"true\" aria-label=\"First Name\"><\/div>\n<div class=\"mailster-wrapper mailster-lastname-wrapper\"><input id=\"mailster-lastname-3\" name=\"lastname\" type=\"text\" value=\"\" placeholder=\"Last Name *\" class=\"input mailster-lastname mailster-required\" aria-required=\"true\" aria-label=\"Last Name\"><\/div>\n<div class=\"mailster-wrapper mailster-language-wrapper\"><label for=\"mailster-language-3\">Language <span class=\"mailster-required\">*<\/span><\/label><ul class=\"mailster-list\"><li><label><input id=\"mailster-language-3-0\" name=\"language\" type=\"radio\" value=\"EN\" class=\"radio mailster-language mailster-required\"  checked='checked' aria-label=\"EN\"> EN<\/label><\/li><li><label><input id=\"mailster-language-3-1\" name=\"language\" type=\"radio\" value=\"NL\" class=\"radio mailster-language mailster-required\"  aria-label=\"NL\"> NL<\/label><\/li><li><label><input id=\"mailster-language-3-2\" name=\"language\" type=\"radio\" value=\"FR\" class=\"radio mailster-language mailster-required\"  aria-label=\"FR\"> FR<\/label><\/li><li><label><input id=\"mailster-language-3-3\" name=\"language\" type=\"radio\" value=\"DE\" class=\"radio mailster-language mailster-required\"  aria-label=\"DE\"> DE<\/label><\/li><\/ul><\/div>\n<div class=\"mailster-wrapper mailster-_coolcaptcha-wrapper\"><div class=\"mailster-coolcaptcha-wrap\"><img decoding=\"async\" title=\"click to reload\" onclick=\"var s=this.src;this.src=s.replace(\/nocache=\\d+\/, 'nocache='+(+new Date()))\" src=\"https:\/\/www.lan-party.eu\/wp-admin\/admin-ajax.php?action=mailster_coolcaptcha_img&#038;nocache=1776199808&#038;formid=3\" style=\"cursor:pointer;width:200px;height:70px\"><\/div><input id=\"mailster-_coolcaptcha-3\" name=\"mailster__coolcaptcha\" type=\"text\" value=\"\" class=\"input mailster-coolcaptcha\" placeholder=\"Enter the text of the captcha\"><\/div>\n<div class=\"mailster-wrapper mailster-_gdpr-wrapper\"><label for=\"mailster-_gdpr-3\"><input type=\"hidden\" name=\"_gdpr\" value=\"0\"><input id=\"mailster-_gdpr-3\" name=\"_gdpr\" type=\"checkbox\" value=\"1\" class=\"mailster-_gdpr mailster-required\" aria-required=\"true\" aria-label=\"I agree to the privacy policy and terms.\"> I agree to the privacy policy and terms. (<a href=\"https:\/\/www.lan-party.eu\/privacy-policy\/\" target=\"_top\">Lien<\/a>)<\/label><\/div>\n<div class=\"mailster-wrapper mailster-submit-wrapper form-submit\"><input name=\"submit\" type=\"submit\" value=\"Subscribe\" class=\"submit-button button\" aria-label=\"Subscribe\"><\/div>\n<\/div>\n<\/form>\n<\/p>\n\n\n\n\n\t\t\t\t\t\t\t\t<\/div>\n\t\t\t\t<\/div>\n\t\t\t\t<section class=\"elementor-section elementor-inner-section elementor-element elementor-element-ca9b759 elementor-section-boxed elementor-section-height-default elementor-section-height-default\" data-id=\"ca9b759\" data-element_type=\"section\" data-e-type=\"section\">\n\t\t\t\t\t\t<div class=\"elementor-container elementor-column-gap-default\">\n\t\t\t\t\t<div class=\"elementor-column elementor-col-100 elementor-inner-column elementor-element elementor-element-0780ec6\" data-id=\"0780ec6\" data-element_type=\"column\" data-e-type=\"column\">\n\t\t\t<div class=\"elementor-widget-wrap elementor-element-populated\">\n\t\t\t\t\t\t<div class=\"elementor-element elementor-element-81c451b elementor-widget elementor-widget-heading\" data-id=\"81c451b\" data-element_type=\"widget\" data-e-type=\"widget\" data-widget_type=\"heading.default\">\n\t\t\t\t<div class=\"elementor-widget-container\">\n\t\t\t\t\t<h4 class=\"elementor-heading-title elementor-size-default\">Sponsoris\u00e9 par:<\/h4>\t\t\t\t<\/div>\n\t\t\t\t<\/div>\n\t\t\t\t<div class=\"elementor-element elementor-element-4e9f0a5 elementor-widget__width-initial elementor-widget elementor-widget-shortcode\" data-id=\"4e9f0a5\" data-element_type=\"widget\" data-e-type=\"widget\" data-widget_type=\"shortcode.default\">\n\t\t\t\t<div class=\"elementor-widget-container\">\n\t\t\t\t\t\t\t<div class=\"elementor-shortcode\"><div class='code-block code-block-3 ai-track' data-ai='WzMsIiIsIkxCIDgwMHgyMDAiLCIiLDFd' style='margin: 8px auto; text-align: center; display: block; clear: both;'>\n\n<div class='ai-rotate ai-unprocessed ai-rotate-3-96946367' style='position: relative;'>\n<div class=\"ai-rotate-option\" data-index=\"1\" data-name=\"R0NFIDE=\" data-code=\"CgoKPGEgaHJlZj0iaHR0cHM6Ly93d3cuZ2FtaW5nY2hhaXJzLmV1P3V0bV9zb3VyY2U9bGFucGFydHlldSZhbXA7dXRtX21lZGl1bT1iYW5uZXImYW1wO3V0bV9jYW1wYWlnbj1sZWFkZXJib2FyZHJlbnRhbCIgdGFyZ2V0PSJfYmxhbmsiPjxpbWcgY2xhc3M9ImFsaWduY2VudGVyIHNpemUtZnVsbCB3cC1pbWFnZS0xODA4IiBzcmM9Imh0dHBzOi8vd3d3Lmxhbi1wYXJ0eS5ldS93cC1jb250ZW50L3VwbG9hZHMvMjAyNS8wMS9HYW1pbmdfQ2hhaXJzX0V2ZW50c184MDB4MjAwXzAxLmpwZyIgYWx0PSJHYW1pbmcgQ2hhaXJzIExhbnBhcnR5IFJlbnRhbCIgd2lkdGg9IjgwMCIgaGVpZ2h0PSIyMDAiIC8+PC9hPgoKCg==\">\n<\/div>\n<div class=\"ai-rotate-option\" data-index=\"2\" data-name=\"R0NFIDI=\" data-code=\"CgoKPGEgaHJlZj0iaHR0cHM6Ly93d3cuZ2FtaW5nY2hhaXJzLmV1P3V0bV9zb3VyY2U9bGFucGFydHlldSZhbXA7dXRtX21lZGl1bT1iYW5uZXImYW1wO3V0bV9jYW1wYWlnbj1sZWFkZXJib2FyZHdlYnNob3AiIHRhcmdldD0iX2JsYW5rIj48aW1nIGNsYXNzPSJhbGlnbmNlbnRlciBzaXplLWZ1bGwgd3AtaW1hZ2UtMTgwOCIgc3JjPSJodHRwczovL3d3dy5sYW4tcGFydHkuZXUvd3AtY29udGVudC91cGxvYWRzLzIwMjUvMDEvR2FtaW5nX0NoYWlyc19FdmVudHNfODAweDIwMF8wMi5qcGciIGFsdD0iR2FtaW5nIENoYWlycyBXZWJzaG9wIiB3aWR0aD0iODAwIiBoZWlnaHQ9IjIwMCIgLz48L2E+Cg==\">\n<\/div>\n<\/div>\n<script>if (typeof ai_js_code == 'boolean') {var ai_block_div = document.querySelector ('.ai-rotate-3-96946367'); ai_process_rotation (ai_block_div); ai_block_div.classList.remove ('ai-rotate-3-96946367');};<\/script>\n<\/div>\n<\/div>\n\t\t\t\t\t\t<\/div>\n\t\t\t\t<\/div>\n\t\t\t\t\t<\/div>\n\t\t<\/div>\n\t\t\t\t\t<\/div>\n\t\t<\/section>\n\t\t\t\t<section class=\"elementor-section elementor-inner-section elementor-element elementor-element-de762c9 elementor-hidden-desktop elementor-section-boxed elementor-section-height-default elementor-section-height-default\" data-id=\"de762c9\" data-element_type=\"section\" data-e-type=\"section\">\n\t\t\t\t\t\t<div class=\"elementor-container elementor-column-gap-default\">\n\t\t\t\t\t<div class=\"elementor-column elementor-col-100 elementor-inner-column elementor-element elementor-element-1a60117\" data-id=\"1a60117\" data-element_type=\"column\" data-e-type=\"column\">\n\t\t\t<div class=\"elementor-widget-wrap elementor-element-populated\">\n\t\t\t\t\t\t<div class=\"elementor-element elementor-element-01e4af1 elementor-widget elementor-widget-heading\" data-id=\"01e4af1\" data-element_type=\"widget\" data-e-type=\"widget\" data-widget_type=\"heading.default\">\n\t\t\t\t<div class=\"elementor-widget-container\">\n\t\t\t\t\t<h4 class=\"elementor-heading-title elementor-size-default\">Sponsoris\u00e9 par:<\/h4>\t\t\t\t<\/div>\n\t\t\t\t<\/div>\n\t\t\t\t<div class=\"elementor-element elementor-element-2ba1c18 elementor-widget__width-initial elementor-widget elementor-widget-shortcode\" data-id=\"2ba1c18\" data-element_type=\"widget\" data-e-type=\"widget\" data-widget_type=\"shortcode.default\">\n\t\t\t\t<div class=\"elementor-widget-container\">\n\t\t\t\t\t\t\t<div class=\"elementor-shortcode\"><div class='code-block code-block-1 ai-track' data-ai='WzEsMCwiU1MgMzAweDYwMCBHQ0Ugb25seSIsIiIsMV0=' style='margin: 8px auto; text-align: center; display: block; clear: both;'>\n<a href=\"https:\/\/www.gamingchairs.eu?utm_source=lanpartyeu&amp;utm_medium=banner&amp;utm_campaign=skyscraper\" target=\"_blank\" rel=\"noopener\"><img fetchpriority=\"high\" decoding=\"async\" class=\"aligncenter size-full wp-image-1800\" src=\"https:\/\/www.lan-party.eu\/wp-content\/uploads\/2025\/01\/Gaming_Chairs_Events_300x600_01.jpg\" alt=\"Gaming Chairs Webshop\" width=\"300\" height=\"600\" \/><\/a><\/div>\n<\/div>\n\t\t\t\t\t\t<\/div>\n\t\t\t\t<\/div>\n\t\t\t\t\t<\/div>\n\t\t<\/div>\n\t\t\t\t\t<\/div>\n\t\t<\/section>\n\t\t\t\t\t<\/div>\n\t\t<\/div>\n\t\t\t\t<div class=\"elementor-column elementor-col-33 elementor-top-column elementor-element elementor-element-74effb1 elementor-hidden-tablet elementor-hidden-mobile\" data-id=\"74effb1\" data-element_type=\"column\" data-e-type=\"column\" data-settings=\"{&quot;background_background&quot;:&quot;classic&quot;}\">\n\t\t\t<div class=\"elementor-widget-wrap elementor-element-populated\">\n\t\t\t\t\t\t<section class=\"elementor-section elementor-inner-section elementor-element elementor-element-517e536 elementor-section-boxed elementor-section-height-default elementor-section-height-default\" data-id=\"517e536\" data-element_type=\"section\" data-e-type=\"section\">\n\t\t\t\t\t\t<div class=\"elementor-container elementor-column-gap-default\">\n\t\t\t\t\t<div class=\"elementor-column elementor-col-100 elementor-inner-column elementor-element elementor-element-6c6f57e\" data-id=\"6c6f57e\" data-element_type=\"column\" data-e-type=\"column\">\n\t\t\t<div class=\"elementor-widget-wrap elementor-element-populated\">\n\t\t\t\t\t\t<div class=\"elementor-element elementor-element-cc48929 elementor-widget elementor-widget-heading\" data-id=\"cc48929\" data-element_type=\"widget\" data-e-type=\"widget\" data-widget_type=\"heading.default\">\n\t\t\t\t<div class=\"elementor-widget-container\">\n\t\t\t\t\t<h4 class=\"elementor-heading-title elementor-size-default\">Sponsoris\u00e9 par:<\/h4>\t\t\t\t<\/div>\n\t\t\t\t<\/div>\n\t\t\t\t<div class=\"elementor-element elementor-element-85299b0 elementor-widget__width-initial elementor-widget elementor-widget-shortcode\" data-id=\"85299b0\" data-element_type=\"widget\" data-e-type=\"widget\" data-widget_type=\"shortcode.default\">\n\t\t\t\t<div class=\"elementor-widget-container\">\n\t\t\t\t\t\t\t<div class=\"elementor-shortcode\"><div class='code-block code-block-2 ai-track' data-ai='WzIsIiIsIlNTIDMwMHg2MDAiLCIiLDFd' style='margin: 8px auto; text-align: center; display: block; clear: both;'>\n\n<div class='ai-rotate ai-unprocessed ai-rotate-2-37381427' style='position: relative;'>\n<div class=\"ai-rotate-option\" data-index=\"1\" data-name=\"R0NFIDE=\" data-code=\"CgoKPGEgaHJlZj0iaHR0cHM6Ly93d3cuZ2FtaW5nY2hhaXJzLmV1Lz91dG1fc291cmNlPWxhbnBhcnR5ZXUmdXRtX21lZGl1bT1iYW5uZXImdXRtX2NhbXBhaWduPXNreXNjcmFwZXJ0aHVuZGVyeDMiIHRhcmdldD0iX2JsYW5rIj48aW1nIGNsYXNzPSJhbGlnbmNlbnRlciBzaXplLWZ1bGwgd3AtaW1hZ2UtMTgwMCIgc3JjPSJodHRwczovL3d3dy5sYW4tcGFydHkuZXUvd3AtY29udGVudC91cGxvYWRzLzIwMjUvMDEvR2FtaW5nX0NoYWlyc19FdmVudHNfMzAweDYwMF8wMS5qcGciIGFsdD0iR2FtaW5nIENoYWlycyBXZWJzaG9wIiB3aWR0aD0iMzAwIiBoZWlnaHQ9IjYwMCIgLz48L2E+Cgo=\">\n<\/div>\n<div class=\"ai-rotate-option\" data-index=\"2\" data-name=\"R0NFIDI=\" data-code=\"CgoKPGEgaHJlZj0iaHR0cHM6Ly93d3cuZ2FtaW5nY2hhaXJzLmV1Lz91dG1fc291cmNlPWxhbnBhcnR5ZXUmdXRtX21lZGl1bT1iYW5uZXImdXRtX2NhbXBhaWduPXNreXNjcmFwZXJjb3VnYXIiIHRhcmdldD0iX2JsYW5rIj48aW1nIGNsYXNzPSJhbGlnbmNlbnRlciBzaXplLWZ1bGwgd3AtaW1hZ2UtMTgwMCIgc3JjPSJodHRwczovL3d3dy5sYW4tcGFydHkuZXUvd3AtY29udGVudC91cGxvYWRzLzIwMjUvMDEvR2FtaW5nX0NoYWlyc19FdmVudHNfMzAweDYwMF8wMi5qcGciIGFsdD0iR2FtaW5nIENoYWlycyBXZWJzaG9wIiB3aWR0aD0iMzAwIiBoZWlnaHQ9IjYwMCIgLz48L2E+Cgo=\">\n<\/div>\n<div class=\"ai-rotate-option\" data-index=\"3\" data-name=\"R0NFIDM=\" data-code=\"CgoKPGEgaHJlZj0iaHR0cHM6Ly93d3cuZ2FtaW5nY2hhaXJzLmV1Lz91dG1fc291cmNlPWxhbnBhcnR5ZXUmdXRtX21lZGl1bT1iYW5uZXImdXRtX2NhbXBhaWduPXNreXNjcmFwZXJnYW1kaWFzIiB0YXJnZXQ9Il9ibGFuayI+PGltZyBjbGFzcz0iYWxpZ25jZW50ZXIgc2l6ZS1mdWxsIHdwLWltYWdlLTE4MDAiIHNyYz0iaHR0cHM6Ly93d3cubGFuLXBhcnR5LmV1L3dwLWNvbnRlbnQvdXBsb2Fkcy8yMDI1LzAxL0dhbWluZ19DaGFpcnNfRXZlbnRzXzMwMHg2MDBfMDMuanBnIiBhbHQ9IkdhbWluZyBDaGFpcnMgV2Vic2hvcCIgd2lkdGg9IjMwMCIgaGVpZ2h0PSI2MDAiIC8+PC9hPgoK\">\n<\/div>\n<div class=\"ai-rotate-option\" data-index=\"4\" data-name=\"R0NFIDQ=\" data-code=\"CgoKPGEgaHJlZj0iaHR0cHM6Ly93d3cuZ2FtaW5nY2hhaXJzLmV1Lz91dG1fc291cmNlPWxhbnBhcnR5ZXUmdXRtX21lZGl1bT1iYW5uZXImdXRtX2NhbXBhaWduPXNreXNjcmFwZXJub2JsZWNoYWlycyIgdGFyZ2V0PSJfYmxhbmsiPjxpbWcgY2xhc3M9ImFsaWduY2VudGVyIHNpemUtZnVsbCB3cC1pbWFnZS0xODAwIiBzcmM9Imh0dHBzOi8vd3d3Lmxhbi1wYXJ0eS5ldS93cC1jb250ZW50L3VwbG9hZHMvMjAyNS8wMS9HYW1pbmdfQ2hhaXJzX0V2ZW50c18zMDB4NjAwXzA0LmpwZyIgYWx0PSJHYW1pbmcgQ2hhaXJzIFdlYnNob3AiIHdpZHRoPSIzMDAiIGhlaWdodD0iNjAwIiAvPjwvYT4=\">\n<\/div>\n<\/div>\n<script>if (typeof ai_js_code == 'boolean') {var ai_block_div = document.querySelector ('.ai-rotate-2-37381427'); ai_process_rotation (ai_block_div); ai_block_div.classList.remove ('ai-rotate-2-37381427');};<\/script>\n<\/div>\n<\/div>\n\t\t\t\t\t\t<\/div>\n\t\t\t\t<\/div>\n\t\t\t\t\t<\/div>\n\t\t<\/div>\n\t\t\t\t\t<\/div>\n\t\t<\/section>\n\t\t\t\t<section class=\"elementor-section elementor-inner-section elementor-element elementor-element-ecf63c2 elementor-section-boxed elementor-section-height-default elementor-section-height-default\" data-id=\"ecf63c2\" data-element_type=\"section\" data-e-type=\"section\">\n\t\t\t\t\t\t<div class=\"elementor-container elementor-column-gap-default\">\n\t\t\t\t\t<div class=\"elementor-column elementor-col-100 elementor-inner-column elementor-element elementor-element-2deda04\" data-id=\"2deda04\" data-element_type=\"column\" data-e-type=\"column\">\n\t\t\t<div class=\"elementor-widget-wrap elementor-element-populated\">\n\t\t\t\t\t\t<div class=\"elementor-element elementor-element-47d8274 elementor-widget elementor-widget-heading\" data-id=\"47d8274\" data-element_type=\"widget\" data-e-type=\"widget\" data-widget_type=\"heading.default\">\n\t\t\t\t<div class=\"elementor-widget-container\">\n\t\t\t\t\t<h4 class=\"elementor-heading-title elementor-size-default\">Sponsoris\u00e9 par:<\/h4>\t\t\t\t<\/div>\n\t\t\t\t<\/div>\n\t\t\t\t<div class=\"elementor-element elementor-element-754a8e4 elementor-widget__width-initial elementor-widget elementor-widget-shortcode\" data-id=\"754a8e4\" data-element_type=\"widget\" data-e-type=\"widget\" data-widget_type=\"shortcode.default\">\n\t\t\t\t<div class=\"elementor-widget-container\">\n\t\t\t\t\t\t\t<div class=\"elementor-shortcode\"><div class='code-block code-block-1 ai-track' data-ai='WzEsMCwiU1MgMzAweDYwMCBHQ0Ugb25seSIsIiIsMl0=' style='margin: 8px auto; text-align: center; display: block; clear: both;'>\n<a href=\"https:\/\/www.gamingchairs.eu?utm_source=lanpartyeu&amp;utm_medium=banner&amp;utm_campaign=skyscraper\" target=\"_blank\" rel=\"noopener\"><img fetchpriority=\"high\" decoding=\"async\" class=\"aligncenter size-full wp-image-1800\" src=\"https:\/\/www.lan-party.eu\/wp-content\/uploads\/2025\/01\/Gaming_Chairs_Events_300x600_01.jpg\" alt=\"Gaming Chairs Webshop\" width=\"300\" height=\"600\" \/><\/a><\/div>\n<\/div>\n\t\t\t\t\t\t<\/div>\n\t\t\t\t<\/div>\n\t\t\t\t\t<\/div>\n\t\t<\/div>\n\t\t\t\t\t<\/div>\n\t\t<\/section>\n\t\t\t\t\t<\/div>\n\t\t<\/div>\n\t\t\t\t\t<\/div>\n\t\t<\/section>\n\t\t\t\t<\/div>\n\t\t","protected":false},"excerpt":{"rendered":"<p>S&rsquo;inscrire \u00e0 la lettre d&rsquo;information Sponsoris\u00e9 par: Sponsoris\u00e9 par: Sponsoris\u00e9 par: Sponsoris\u00e9 par:<\/p>\n","protected":false},"author":1,"featured_media":0,"parent":0,"menu_order":0,"comment_status":"closed","ping_status":"closed","template":"","meta":{"_jet_sm_ready_style":"","_jet_sm_style":"","_jet_sm_controls_values":"","_jet_sm_fonts_collection":"","_jet_sm_fonts_links":"","footnotes":""},"class_list":["post-10554","page","type-page","status-publish","hentry"],"_links":{"self":[{"href":"https:\/\/www.lan-party.eu\/fr\/wp-json\/wp\/v2\/pages\/10554","targetHints":{"allow":["GET"]}}],"collection":[{"href":"https:\/\/www.lan-party.eu\/fr\/wp-json\/wp\/v2\/pages"}],"about":[{"href":"https:\/\/www.lan-party.eu\/fr\/wp-json\/wp\/v2\/types\/page"}],"author":[{"embeddable":true,"href":"https:\/\/www.lan-party.eu\/fr\/wp-json\/wp\/v2\/users\/1"}],"replies":[{"embeddable":true,"href":"https:\/\/www.lan-party.eu\/fr\/wp-json\/wp\/v2\/comments?post=10554"}],"version-history":[{"count":4,"href":"https:\/\/www.lan-party.eu\/fr\/wp-json\/wp\/v2\/pages\/10554\/revisions"}],"predecessor-version":[{"id":14008,"href":"https:\/\/www.lan-party.eu\/fr\/wp-json\/wp\/v2\/pages\/10554\/revisions\/14008"}],"wp:attachment":[{"href":"https:\/\/www.lan-party.eu\/fr\/wp-json\/wp\/v2\/media?parent=10554"}],"curies":[{"name":"wp","href":"https:\/\/api.w.org\/{rel}","templated":true}]}}